{"id":2431,"date":"2019-11-22T07:04:29","date_gmt":"2019-11-22T06:04:29","guid":{"rendered":"https:\/\/sabadellfilmfestival.com\/prensa\/"},"modified":"2023-12-18T19:57:03","modified_gmt":"2023-12-18T17:57:03","slug":"prensa","status":"publish","type":"page","link":"https:\/\/sabadellfilmfestival.com\/es\/prensa\/","title":{"rendered":"Prensa"},"content":{"rendered":"<p>Aqu\u00ed podr\u00e1s encontrar toda la <strong>documentaci\u00f3n<\/strong> espec\u00edfica para prensa seg\u00fan la vayamos publicando.<\/p>\n<p>Para cualquier cuesti\u00f3n, no dudes en ponerte en contacto enviando un correo a <strong><a href=\"mailto:premsa@sabadellfilmfestival.com\">premsa@sabadellfilmfestival.com<\/a><\/strong>.<\/p>\n<p>Si quieres solicitar tu <strong>acreditaci\u00f3n de prensa<\/strong>, haz click en el siguiente bot\u00f3n y d\u00e9janos tus datos.<\/p>\n<!--themify_builder_content-->\n<div id=\"themify_builder_content-2431\" data-postid=\"2431\" class=\"themify_builder_content themify_builder_content-2431 themify_builder tf_clear\">\n    \t<!-- module_row -->\n\t<div  data-lazy=\"1\" class=\"module_row themify_builder_row tb_bzh8797 tb_first tf_clearfix\">\n\t    \t\t<div class=\"row_inner col_align_top col-count-1 tf_box tf_w tf_rel\">\n\t\t\t<div  data-lazy=\"1\" class=\"module_column tb-column col-full first tb_87vd797 tf_box\">\n\t\t\t    \t        <div class=\"tb-column-inner tf_box tf_w\">\n\t\t    <!-- module buttons -->\n<div  class=\"module module-buttons tb_vqrk132 buttons-horizontal outline  large circle\" data-lazy=\"1\">\n    \t<div class=\"module-buttons-item tf_inline_b\">\n\t\t\t\t\t\t\t<a href=\"https:\/\/forms.gle\/A2gLipFxNLy3BnVt6\" class=\"ui builder_button yellow\" target=\"_blank\" rel=\"nofollow noopener\">\n\t\t\t\t\t\t\t\t\t\t\t\t<em class=\"tf_inline_b tf_vmiddle\"><svg  aria-hidden=\"true\" class=\"tf_fa tf-far-id-card\"><use href=\"#tf-far-id-card\"><\/use><\/svg><\/em>\t\t\t\t\t\t\t\t<span class=\"tf_inline_b tf_vmiddle\">Acreditaciones<\/span>\n\t\t\t\t\t\t\t\t\t\t\t<\/a>\n\t\t\t    \t<\/div>\n\t<\/div>\n<!-- \/module buttons -->\n\t        <\/div>\n\t    \t<\/div>\n\t\t    <\/div>\n\t    <!-- \/row_inner -->\n\t<\/div>\n\t<!-- \/module_row -->\n\t<\/div>\n<!--\/themify_builder_content-->\n\n\n<p><\/p>","protected":false},"excerpt":{"rendered":"<p>Aqu\u00ed podr\u00e1s encontrar toda la documentaci\u00f3n espec\u00edfica para prensa seg\u00fan la vayamos publicando. Para cualquier cuesti\u00f3n, no dudes en ponerte en contacto enviando un correo a premsa@sabadellfilmfestival.com. Si quieres solicitar tu acreditaci\u00f3n de prensa, haz click en el siguiente bot\u00f3n y d\u00e9janos tus datos.<\/p>\n","protected":false},"author":1,"featured_media":0,"parent":0,"menu_order":0,"comment_status":"closed","ping_status":"closed","template":"","meta":{"_monsterinsights_skip_tracking":false,"_monsterinsights_sitenote_active":false,"_monsterinsights_sitenote_note":"","_monsterinsights_sitenote_category":0},"aioseo_notices":[],"builder_content":"<a href=\"https:\/\/forms.gle\/A2gLipFxNLy3BnVt6\" target=\"_blank\" rel=\"nofollow noopener\"> <em><svg aria-hidden=\"true\"><use href=\"#tf-far-id-card\"><\/use><\/svg><\/em> Acreditaciones <\/a>","_links":{"self":[{"href":"https:\/\/sabadellfilmfestival.com\/es\/wp-json\/wp\/v2\/pages\/2431"}],"collection":[{"href":"https:\/\/sabadellfilmfestival.com\/es\/wp-json\/wp\/v2\/pages"}],"about":[{"href":"https:\/\/sabadellfilmfestival.com\/es\/wp-json\/wp\/v2\/types\/page"}],"author":[{"embeddable":true,"href":"https:\/\/sabadellfilmfestival.com\/es\/wp-json\/wp\/v2\/users\/1"}],"replies":[{"embeddable":true,"href":"https:\/\/sabadellfilmfestival.com\/es\/wp-json\/wp\/v2\/comments?post=2431"}],"version-history":[{"count":6,"href":"https:\/\/sabadellfilmfestival.com\/es\/wp-json\/wp\/v2\/pages\/2431\/revisions"}],"predecessor-version":[{"id":7114,"href":"https:\/\/sabadellfilmfestival.com\/es\/wp-json\/wp\/v2\/pages\/2431\/revisions\/7114"}],"wp:attachment":[{"href":"https:\/\/sabadellfilmfestival.com\/es\/wp-json\/wp\/v2\/media?parent=2431"}],"curies":[{"name":"wp","href":"https:\/\/api.w.org\/{rel}","templated":true}]}}